{"id":198,"date":"2024-06-12T12:17:52","date_gmt":"2024-06-12T12:17:52","guid":{"rendered":"https:\/\/456.fi\/?page_id=198"},"modified":"2024-06-12T12:29:57","modified_gmt":"2024-06-12T12:29:57","slug":"hyvaa-kesaa","status":"publish","type":"page","link":"https:\/\/456.fi\/index.php\/hyvaa-kesaa\/","title":{"rendered":"Hyv\u00e4\u00e4 kes\u00e4\u00e4"},"content":{"rendered":"","protected":true},"excerpt":{"rendered":"","protected":true},"author":1,"featured_media":0,"parent":0,"menu_order":0,"comment_status":"closed","ping_status":"closed","template":"","meta":{"footnotes":""},"class_list":["post-198","page","type-page","status-publish","post-password-required","hentry"],"_links":{"self":[{"href":"https:\/\/456.fi\/index.php\/wp-json\/wp\/v2\/pages\/198","targetHints":{"allow":["GET"]}}],"collection":[{"href":"https:\/\/456.fi\/index.php\/wp-json\/wp\/v2\/pages"}],"about":[{"href":"https:\/\/456.fi\/index.php\/wp-json\/wp\/v2\/types\/page"}],"author":[{"embeddable":true,"href":"https:\/\/456.fi\/index.php\/wp-json\/wp\/v2\/users\/1"}],"replies":[{"embeddable":true,"href":"https:\/\/456.fi\/index.php\/wp-json\/wp\/v2\/comments?post=198"}],"version-history":[{"count":1,"href":"https:\/\/456.fi\/index.php\/wp-json\/wp\/v2\/pages\/198\/revisions"}],"predecessor-version":[{"id":200,"href":"https:\/\/456.fi\/index.php\/wp-json\/wp\/v2\/pages\/198\/revisions\/200"}],"wp:attachment":[{"href":"https:\/\/456.fi\/index.php\/wp-json\/wp\/v2\/media?parent=198"}],"curies":[{"name":"wp","href":"https:\/\/api.w.org\/{rel}","templated":true}]}}